{"id":146,"date":"2014-12-06T12:17:51","date_gmt":"2014-12-06T10:17:51","guid":{"rendered":"http:\/\/appserver\/wbh\/?page_id=146"},"modified":"2021-11-12T14:02:56","modified_gmt":"2021-11-12T12:02:56","slug":"haeckerstube","status":"publish","type":"page","link":"https:\/\/weingut-hegwein.de\/?page_id=146","title":{"rendered":"H\u00e4ckerstube"},"content":{"rendered":"<h3><a href=\"http:\/\/weingut-hegwein.de\/wp-content\/uploads\/2014\/11\/brotzeit-150x1501.jpg\"><img loading=\"lazy\" decoding=\"async\" class=\"wp-image-114 size-full alignright\" src=\"http:\/\/weingut-hegwein.de\/wp-content\/uploads\/2014\/11\/brotzeit-150x1501.jpg\" alt=\"\" width=\"150\" height=\"150\" srcset=\"https:\/\/weingut-hegwein.de\/wp-content\/uploads\/2014\/11\/brotzeit-150x1501.jpg 150w, https:\/\/weingut-hegwein.de\/wp-content\/uploads\/2014\/11\/brotzeit-150x1501-100x100.jpg 100w\" sizes=\"auto, (max-width: 150px) 100vw, 150px\" \/><\/a><\/h3>\n<h1 style=\"text-align: left;\"><strong><span style=\"text-decoration: underline;\"><span style=\"font-size: 14pt;\">Die H\u00e4ckerstube<\/span><\/span><\/strong><\/h1>\n<p style=\"text-align: left;\">Unweit vom Schloss der ehemaligen Grafen in Markt Einersheim entfernt liegt inmitten des Ortskerns unser Weingut.<\/p>\n<p style=\"text-align: left;\">Seit nun mehr als 20 Jahren betreiben wir neben der Weinherstellung auch eine kleine H\u00e4ckerstube, die zweimal im Jahr f\u00fcr 6 Wochenenden ihre Pforten \u00f6ffnet.<\/p>\n<p style=\"text-align: left;\">Wer m\u00f6chte nicht gerne den Wein am Entstehungsort in einem gem\u00fctlichen Ambiente mit einer typisch fr\u00e4nkischen Mahlzeit probieren?<\/p>\n<p style=\"text-align: left;\">Schleckerm\u00e4uler und Weinliebhaber aus allen Gegenden freuen sich regelm\u00e4\u00dfig auf gesellige Runden und leckeres Essen.<\/p>\n<p style=\"text-align: left;\">Sorgf\u00e4ltig ausgew\u00e4hlte frische Zutaten aus der Region wer-den mit raffinierten Ideen zu kulinarischen und z\u00fcnftigen Leckerbissen verarbeitet.<\/p>\n<p style=\"text-align: left;\">Hier seien besonders die wechselnden Tagesgerichte genannt, die mit viel Phantasie komponiert werden und so manchen schon oft recht angenehm \u00fcberraschten.<\/p>\n<p style=\"text-align: left;\">Ob Brotzeiten, deftige Bratw\u00fcrste, Blaue Zipfel \u2013 die besten weit und breit &#8211; oder Kuchen die stets selbst kreiert sind, es ist f\u00fcr fast jeden Gaumen etwas dabei.<\/p>\n<p style=\"text-align: left;\">Wer auf der Suche nach Authentizit\u00e4t ist, der wird sie hier sicherlich finden!<\/p>\n<p style=\"text-align: left;\">Wir freuen uns auf ihren Besuch.<\/p>\n<p style=\"text-align: left;\">Ihre Familie Marcus und Sybille Hegwein<\/p>\n<p style=\"text-align: center;\">&nbsp;<\/p>\n","protected":false},"excerpt":{"rendered":"<p>Die H\u00e4ckerstube Unweit vom Schloss der ehemaligen Grafen in Markt Einersheim entfernt liegt inmitten des Ortskerns unser Weingut. Seit nun&hellip;<\/p>\n","protected":false},"author":1,"featured_media":0,"parent":0,"menu_order":0,"comment_status":"closed","ping_status":"closed","template":"","meta":{"ngg_post_thumbnail":0,"footnotes":""},"class_list":["post-146","page","type-page","status-publish","hentry"],"_links":{"self":[{"href":"https:\/\/weingut-hegwein.de\/index.php?rest_route=\/wp\/v2\/pages\/146","targetHints":{"allow":["GET"]}}],"collection":[{"href":"https:\/\/weingut-hegwein.de\/index.php?rest_route=\/wp\/v2\/pages"}],"about":[{"href":"https:\/\/weingut-hegwein.de\/index.php?rest_route=\/wp\/v2\/types\/page"}],"author":[{"embeddable":true,"href":"https:\/\/weingut-hegwein.de\/index.php?rest_route=\/wp\/v2\/users\/1"}],"replies":[{"embeddable":true,"href":"https:\/\/weingut-hegwein.de\/index.php?rest_route=%2Fwp%2Fv2%2Fcomments&post=146"}],"version-history":[{"count":32,"href":"https:\/\/weingut-hegwein.de\/index.php?rest_route=\/wp\/v2\/pages\/146\/revisions"}],"predecessor-version":[{"id":2202,"href":"https:\/\/weingut-hegwein.de\/index.php?rest_route=\/wp\/v2\/pages\/146\/revisions\/2202"}],"wp:attachment":[{"href":"https:\/\/weingut-hegwein.de\/index.php?rest_route=%2Fwp%2Fv2%2Fmedia&parent=146"}],"curies":[{"name":"wp","href":"https:\/\/api.w.org\/{rel}","templated":true}]}}