{"id":432,"date":"2016-07-15T10:05:14","date_gmt":"2016-07-15T08:05:14","guid":{"rendered":"http:\/\/weinbau-hegwein.de\/?page_id=432"},"modified":"2020-06-13T21:23:35","modified_gmt":"2020-06-13T19:23:35","slug":"bedienungsanleitung-webshop","status":"publish","type":"page","link":"https:\/\/weingut-hegwein.de\/?page_id=432","title":{"rendered":"Bedienungsanleitung Webshop"},"content":{"rendered":"<p>F\u00fcr die problemlose Bedienung des Webshop finden Sie hier ein paar wichtige Informationen:<\/p>\n<ul>\n<li>Sollten Sie noch kein Kunde bei uns sein, f\u00fcllen Sie Ihren Warenkorb, den Sie unter dem Men\u00fcpunkt &#8222;Shop&#8220; finden, mit den gew\u00fcnschten Produkten. Korrigieren Sie gegebenfalls die jeweilige Bestellmenge und w\u00e4hlen Sie eine Versandart aus. Anschlie\u00dfend klicken Sie auf &#8222;Zur Kasse&#8220;.&nbsp;<\/li>\n<li>Geben Sie nun Ihre Kundendaten ein. Sie k\u00f6nnen zus\u00e4tzlich eine abweichende Lieferadresse angeben. Wir liefern die bestellten Waren dann zu dieser Adresse. Sollten Sie bereits Kunde sein, k\u00f6nnen Sie sich hier mit Ihrer bereits hinterlegten E-Mail-Adresse sowie Ihrem Passwort einloggen. Die Kundendaten werden dann automatisch ausgef\u00fcllt. Bevor Sie auf &#8222;Weiter&#8220; klicken \u00fcberpr\u00fcfen Sie Ihre Daten bitte nochmals auf ihre Korrektheit. Sie k\u00f6nnen alternativ auch ohne Einrichtung eines Kundenkontos bei uns bestellen.<\/li>\n<li>Nun k\u00f6nnen Sie noch Ihre Zahlungsart ausw\u00e4hlen. Beachten Sie bitte, dass das Anklicken einer Zahlungsart weitere Bearbeitungsschritte ausl\u00f6sen kann.&nbsp;<\/li>\n<li>Bevor Sie nun den Button &#8222;Zahlungspflichtig bestellen&#8220; klicken, m\u00fcssen Sie unbedingt das H\u00e4kchen f\u00fcr die Kenntnisnahme der AGB&#8217;s und der Widerrufsbelehrung setzen.<\/li>\n<li>Danach ist der Bestellvorgang abgeschlossen und die Lieferung ihrer bestellten Produkte kann erfolgen.<\/li>\n<\/ul>\n<p>&nbsp;<\/p>\n","protected":false},"excerpt":{"rendered":"<p>F\u00fcr die problemlose Bedienung des Webshop finden Sie hier ein paar wichtige Informationen: Sollten Sie noch kein Kunde bei uns&hellip;<\/p>\n","protected":false},"author":1,"featured_media":0,"parent":0,"menu_order":0,"comment_status":"closed","ping_status":"closed","template":"","meta":{"ngg_post_thumbnail":0,"footnotes":""},"class_list":["post-432","page","type-page","status-publish","hentry"],"_links":{"self":[{"href":"https:\/\/weingut-hegwein.de\/index.php?rest_route=\/wp\/v2\/pages\/432","targetHints":{"allow":["GET"]}}],"collection":[{"href":"https:\/\/weingut-hegwein.de\/index.php?rest_route=\/wp\/v2\/pages"}],"about":[{"href":"https:\/\/weingut-hegwein.de\/index.php?rest_route=\/wp\/v2\/types\/page"}],"author":[{"embeddable":true,"href":"https:\/\/weingut-hegwein.de\/index.php?rest_route=\/wp\/v2\/users\/1"}],"replies":[{"embeddable":true,"href":"https:\/\/weingut-hegwein.de\/index.php?rest_route=%2Fwp%2Fv2%2Fcomments&post=432"}],"version-history":[{"count":5,"href":"https:\/\/weingut-hegwein.de\/index.php?rest_route=\/wp\/v2\/pages\/432\/revisions"}],"predecessor-version":[{"id":2016,"href":"https:\/\/weingut-hegwein.de\/index.php?rest_route=\/wp\/v2\/pages\/432\/revisions\/2016"}],"wp:attachment":[{"href":"https:\/\/weingut-hegwein.de\/index.php?rest_route=%2Fwp%2Fv2%2Fmedia&parent=432"}],"curies":[{"name":"wp","href":"https:\/\/api.w.org\/{rel}","templated":true}]}}