{"id":457,"date":"2022-02-20T01:00:00","date_gmt":"2022-02-19T23:00:00","guid":{"rendered":"http:\/\/weinbau-hegwein.de\/?page_id=457"},"modified":"2025-09-03T09:29:06","modified_gmt":"2025-09-03T07:29:06","slug":"auszeichnungen","status":"publish","type":"page","link":"https:\/\/weingut-hegwein.de\/?page_id=457","title":{"rendered":"Auszeichnungen"},"content":{"rendered":"<div id=\"block-a99bd369-cde0-4449-b2a3-4b78648867bc\" class=\"wp-block block-editor-block-list__block has-selected-ui\" tabindex=\"0\" role=\"group\" data-block=\"a99bd369-cde0-4449-b2a3-4b78648867bc\" data-type=\"core\/paragraph\" aria-label=\"Block: Absatz\">\n<h3>Jahrgang 2024<\/h3>\n<p>Blauer Silvaner: Gold &#8211; AWC Vienna<\/p>\n<p>Bacchus trocken: Silber &#8211; AWC Vienna<\/p>\n<p>Ortega: Silber &#8211; AWC Vienna<\/p>\n<p>Sauvignon Blanc: Silber &#8211; AWC Vienna<\/p>\n<p>Silvaner Alte Reben: Silber &#8211; AWC Vienna<\/p>\n<p>Pinot Meunier: Silber &#8211; AWC Vienna<\/p>\n<p>Regent: Silber &#8211; AWC Vienna<\/p>\n<\/div>\n<div id=\"block-a99bd369-cde0-4449-b2a3-4b78648867bc\" class=\"wp-block block-editor-block-list__block has-selected-ui\" tabindex=\"0\" role=\"group\" data-block=\"a99bd369-cde0-4449-b2a3-4b78648867bc\" data-type=\"core\/paragraph\" aria-label=\"Block: Absatz\">\n<p>Secco Freggerla: Silber AWC Vienna<\/p>\n<p>Secco Freggerla MITOHNE: Gold &#8211; AWC Vienna<\/p>\n<h3>Jahrgang 2023:<\/h3>\n<p>Rivaner trocken: -SILBER- AWC Vienna<\/p>\n<p>Ortega halbtrocken: -SILBER- AWC Vienna<\/p>\n<p>Silvaner &#8222;Alte Reben&#8220; trocken: -SILBER- AWC Vienna<\/p>\n<p>Sauvignon Blanc trocken: -SILBER- AWC Vienna<\/p>\n<p>Scheurebe, halbtrocken: -SILBER- AWC Vienna<\/p>\n<p>Regent Jg 2022, trocken: -GOLD- AWC Vienna<\/p>\n<h3>JAHRGANG 2022:<\/h3>\n<p>Bacchus Kabinett trocken: -SILBER- AWC Vienna<\/p>\n<p>ORTEGA halbtrocken: -SILBER- AWC Vienna<\/p>\n<p>Silvaner Alte Reben trocken: -Silber- AWC Vienna<\/p>\n<p>Blauer Silvaner trocken: -Silber- AWC Vienna<\/p>\n<\/div>\n<p>Rivaner trocken: -Gold- AWC Vienna<\/p>\n<div id=\"block-a99bd369-cde0-4449-b2a3-4b78648867bc\" class=\"wp-block block-editor-block-list__block has-selected-ui\" tabindex=\"0\" role=\"group\" data-block=\"a99bd369-cde0-4449-b2a3-4b78648867bc\" data-type=\"core\/paragraph\" aria-label=\"Block: Absatz\">\n<h3>Jahrgang 2020<\/h3>\n<p>Ortega haslbtrocken: -GOLD- AWC Vienna<\/p>\n<p>Schwarzriesling Wei\u00dfherbst trocken: GOLD- AWC Vienna<\/p>\n<p>Rose trocken: -GOLD- AWC Vienna<\/p>\n<p>Blauer Silvaner trocken: -SILBER- AWC Vienna<\/p>\n<p>Silvaner &#8222;Alte Reben&#8220; trocken: -SILBER- AWC Vienna<\/p>\n<h3>Jahrgang 2019<\/h3>\n<\/div>\n<div id=\"block-1e282916-d079-4340-9427-1a43c5937c39\" class=\"wp-block block-editor-block-list__block has-selected-ui\" tabindex=\"0\" role=\"group\" data-block=\"1e282916-d079-4340-9427-1a43c5937c39\" data-type=\"core\/paragraph\" aria-label=\"Block: Absatz\">\n<p><strong>Blauen Silvaner<\/strong> trocken:&nbsp; -Bronze- Weinpr\u00e4mierung W\u00fcrzburg und -Gold- AWC in Wien.<\/p>\n<p><strong>Alte Reben &#8222;Silvaner&#8220;<\/strong> trocken: -Silber- Weinpr\u00e4mierung W\u00fcrzburg und -Gold- AWC Vienna<\/p>\n<p><strong>Rivaner trocken: -SILBER- AWC Vienna<\/strong><\/p>\n<p><strong>Rose trocken: -SILBER- AWC Vienna<\/strong><\/p>\n<\/div>\n<h3 style=\"text-align: left;\">Jahrgang 2018<\/h3>\n<p style=\"text-align: left;\">Rivaner und Ortega beschenkten uns&nbsp; in W\u00fcrzburg bei der Fr\u00e4nkischen Weinpr\u00e4mierung mit Bronze und bei der AWC in Wien d\u00fcrfen wir uns \u00fcber Silber freuen.<\/p>\n<p style=\"text-align: left;\">Unser Silvaner &#8222;Alte Reben&#8220; brachte Bronze aus W\u00fcrzburg mit nach Hause und Gold bei der AWC Vienna.<\/p>\n<h3 style=\"text-align: left;\"><span style=\"font-size: 12pt;\">Jahrgang 2017!!! <\/span><\/h3>\n<p style=\"text-align: left;\"><span style=\"font-size: 12pt;\">Wir d\u00fcrfen uns trotz Frost und daraus entstandenen Totalausfall beim Blauen Silvaner und Ortega <\/span><\/p>\n<p style=\"text-align: left;\"><span style=\"font-size: 12pt;\">\u00fcber eine Bronzemedaille bei der fr\u00e4nkischen Weinpr\u00e4mierung unseres Silvaners &#8222;Alte Reben&#8220; 2017 freuen:-)<\/span><\/p>\n<h3 style=\"text-align: left;\"><span style=\"font-size: 12pt;\">Jahrgang 2016!!!<br \/>\n<\/span><\/h3>\n<p style=\"text-align: left;\"><span style=\"font-size: 12pt;\">Auch in diesem Jahr d\u00fcrfen wir uns \u00fcber eine Bronze-Medaille f\u00fcr unseren Blauen Silvaner Jahrgang 2016<br \/>\n<\/span><\/p>\n<p style=\"text-align: left;\"><span style=\"font-size: 12pt;\"> und eine Silber-Medaille f\u00fcr unseren Rivaner Jahrgang 2016<br \/>\n<\/span><\/p>\n<p style=\"text-align: left;\"><span style=\"font-size: 12pt;\">bei der fr\u00e4nkischen Weinpr\u00e4mierung freuen!<\/span><\/p>\n<p style=\"text-align: left;\"><span style=\"font-size: 12pt;\">Unser Rivaner Jahrgang 2016 durfte auch an den Bodensee zum M\u00fcller-Thurgau Wettbewerb <\/span><\/p>\n<p style=\"text-align: left;\"><span style=\"font-size: 12pt;\">wo er sich unter die besten sechs Weine seiner Kategorie einreihte!<\/span><\/p>\n<h3 style=\"text-align: left;\"><span style=\"font-size: 12pt;\">AWC Vienna 2017<\/span><\/h3>\n<p style=\"text-align: left;\"><span style=\"font-size: 12pt;\">Unser Rivaner holt sich den Seal of approval bei der AWC Vienna 2017. <\/span><\/p>\n<p style=\"text-align: left;\"><span style=\"font-size: 12pt;\">Unser Blauer Silvaner und der Silvaner &#8222;Alte Reben&#8220; schenkten uns jeweils die Silbermedaille.<\/span><\/p>\n<p style=\"text-align: left;\"><span style=\"font-size: 12pt;\">Und kaum f\u00fcr uns zu glauben: Unser Au\u00dfenseiter &#8222;Ortega&#8220;&nbsp; \u00fcberraschte uns mit einer Goldmedaille.<\/span><\/p>\n<p style=\"text-align: left;\"><span style=\"font-size: 12pt;\">Unsere Rotweine 2016 haben uns jetzt ganz aktuell mit zwei Medaillen verz\u00fcckt. <\/span><\/p>\n<p style=\"text-align: left;\"><span style=\"font-size: 12pt;\">Unser Schwarzriesling Sp\u00e4tlese, im Barrique gereift holte sich die Silbermedaille und<\/span><\/p>\n<p style=\"text-align: left;\"><span style=\"font-size: 12pt;\"> unser Blauer Portugieser, Qualit\u00e4tswein, trocken die Bronzemdaille <\/span><\/p>\n<p style=\"text-align: left;\"><span style=\"font-size: 12pt;\">bei der fr\u00e4nkischen Weinpr\u00e4mierung!!<\/span><\/p>\n<p style=\"text-align: left;\"><span style=\"font-size: 12pt;\"><a href=\"http:\/\/weingut-hegwein.de\/wp-content\/uploads\/2015\/11\/K800_Blauer-Silvaner.jpg\"><img loading=\"lazy\" decoding=\"async\" class=\"alignnone wp-image-303 \" src=\"http:\/\/weingut-hegwein.de\/wp-content\/uploads\/2015\/11\/K800_Blauer-Silvaner.jpg\" alt=\"\" width=\"683\" height=\"512\" srcset=\"https:\/\/weingut-hegwein.de\/wp-content\/uploads\/2015\/11\/K800_Blauer-Silvaner.jpg 800w, https:\/\/weingut-hegwein.de\/wp-content\/uploads\/2015\/11\/K800_Blauer-Silvaner-600x450.jpg 600w, https:\/\/weingut-hegwein.de\/wp-content\/uploads\/2015\/11\/K800_Blauer-Silvaner-300x225.jpg 300w, https:\/\/weingut-hegwein.de\/wp-content\/uploads\/2015\/11\/K800_Blauer-Silvaner-313x235.jpg 313w\" sizes=\"auto, (max-width: 683px) 100vw, 683px\" \/><\/a><\/span><\/p>\n<pre style=\"text-align: center;\"><span style=\"font-size: 12pt; font-family: arial,helvetica,sans-serif;\">Jahrgang 2015<\/span><\/pre>\n<pre style=\"text-align: center;\"><span style=\"font-family: arial,helvetica,sans-serif; font-size: 12pt;\">Blauer Silvaner : -Silber-Medaille bei der fr\u00e4nkischen Weinpr\u00e4mierung\n &nbsp;-Gold bei der Berliner Wine Trophy\n-Gold bei der AWC Vienna in Wien<\/span><\/pre>\n<pre style=\"text-align: center;\"><span style=\"font-size: 12pt; font-family: arial,helvetica,sans-serif;\">Schwarzriesling Sp\u00e4tlese 2015:&nbsp; \nSilber-Medaille bei der fr\u00e4nkischen Weinpr\u00e4mierung&nbsp; <\/span><\/pre>\n","protected":false},"excerpt":{"rendered":"<p>Jahrgang 2024 Blauer Silvaner: Gold &#8211; AWC Vienna Bacchus trocken: Silber &#8211; AWC Vienna Ortega: Silber &#8211; AWC Vienna Sauvignon&hellip;<\/p>\n","protected":false},"author":1,"featured_media":0,"parent":0,"menu_order":0,"comment_status":"closed","ping_status":"closed","template":"","meta":{"ngg_post_thumbnail":0,"footnotes":""},"class_list":["post-457","page","type-page","status-publish","hentry"],"_links":{"self":[{"href":"https:\/\/weingut-hegwein.de\/index.php?rest_route=\/wp\/v2\/pages\/457","targetHints":{"allow":["GET"]}}],"collection":[{"href":"https:\/\/weingut-hegwein.de\/index.php?rest_route=\/wp\/v2\/pages"}],"about":[{"href":"https:\/\/weingut-hegwein.de\/index.php?rest_route=\/wp\/v2\/types\/page"}],"author":[{"embeddable":true,"href":"https:\/\/weingut-hegwein.de\/index.php?rest_route=\/wp\/v2\/users\/1"}],"replies":[{"embeddable":true,"href":"https:\/\/weingut-hegwein.de\/index.php?rest_route=%2Fwp%2Fv2%2Fcomments&post=457"}],"version-history":[{"count":34,"href":"https:\/\/weingut-hegwein.de\/index.php?rest_route=\/wp\/v2\/pages\/457\/revisions"}],"predecessor-version":[{"id":2633,"href":"https:\/\/weingut-hegwein.de\/index.php?rest_route=\/wp\/v2\/pages\/457\/revisions\/2633"}],"wp:attachment":[{"href":"https:\/\/weingut-hegwein.de\/index.php?rest_route=%2Fwp%2Fv2%2Fmedia&parent=457"}],"curies":[{"name":"wp","href":"https:\/\/api.w.org\/{rel}","templated":true}]}}