{"id":635,"date":"2022-02-20T01:00:00","date_gmt":"2022-02-19T23:00:00","guid":{"rendered":"http:\/\/weingut-hegwein.de\/?page_id=635"},"modified":"2024-04-23T20:28:25","modified_gmt":"2024-04-23T18:28:25","slug":"weinwanderungen","status":"publish","type":"page","link":"https:\/\/weingut-hegwein.de\/?page_id=635","title":{"rendered":"Fr\u00e4nkischer Fr\u00fchling \/ Weinbergsf\u00fchrungen"},"content":{"rendered":"\n<div class=\"wp-block-group\"><div class=\"wp-block-group__inner-container is-layout-flow wp-block-group-is-layout-flow\"><\/div><\/div>\n\n\n<p>&nbsp;<\/p>\n<p>Impressionen von der ersten Weinbergsf\u00fchrung<\/p>\n\n\n\n<p>G\u00e4stef\u00fchrerin:<\/p>\n<p>Linda Schatz,<\/p>\n<p>Festnetz Nr.: 09326 1539<\/p>\n<p>Mobil Nr: 0171 9032730<\/p>\n<p>E-Mail Adresse: LS-ME@web.de<\/p>\n<p>Rufen sie einfach bei ihr an und vereinbaren sie einen Termin um gemeinsam mit ihr die Weinberge und die Ruine Speckfeld zu erkunden.<\/p>\n<p>W\u00e4hrend unseren \u00d6ffnungszeiten der H\u00e4ckerstube bietet unsere G\u00e4stef\u00fchrerin auch Gruppenf\u00fchrungen bis 20 Personen mit anschlie\u00dfender Einkehr \/ Ausklang&nbsp; bei uns in der H\u00e4ckerstube an.<\/p>\n\n\n\n\n","protected":false},"excerpt":{"rendered":"<p>&nbsp; Impressionen von der ersten Weinbergsf\u00fchrung<\/p>\n","protected":false},"author":1,"featured_media":0,"parent":0,"menu_order":0,"comment_status":"closed","ping_status":"closed","template":"","meta":{"ngg_post_thumbnail":0,"footnotes":""},"class_list":["post-635","page","type-page","status-publish","hentry"],"_links":{"self":[{"href":"https:\/\/weingut-hegwein.de\/index.php?rest_route=\/wp\/v2\/pages\/635","targetHints":{"allow":["GET"]}}],"collection":[{"href":"https:\/\/weingut-hegwein.de\/index.php?rest_route=\/wp\/v2\/pages"}],"about":[{"href":"https:\/\/weingut-hegwein.de\/index.php?rest_route=\/wp\/v2\/types\/page"}],"author":[{"embeddable":true,"href":"https:\/\/weingut-hegwein.de\/index.php?rest_route=\/wp\/v2\/users\/1"}],"replies":[{"embeddable":true,"href":"https:\/\/weingut-hegwein.de\/index.php?rest_route=%2Fwp%2Fv2%2Fcomments&post=635"}],"version-history":[{"count":20,"href":"https:\/\/weingut-hegwein.de\/index.php?rest_route=\/wp\/v2\/pages\/635\/revisions"}],"predecessor-version":[{"id":2495,"href":"https:\/\/weingut-hegwein.de\/index.php?rest_route=\/wp\/v2\/pages\/635\/revisions\/2495"}],"wp:attachment":[{"href":"https:\/\/weingut-hegwein.de\/index.php?rest_route=%2Fwp%2Fv2%2Fmedia&parent=635"}],"curies":[{"name":"wp","href":"https:\/\/api.w.org\/{rel}","templated":true}]}}