{"id":69,"date":"2022-02-20T01:00:00","date_gmt":"2022-02-19T23:00:00","guid":{"rendered":"http:\/\/appserver\/wbh\/?page_id=69"},"modified":"2022-10-31T21:07:17","modified_gmt":"2022-10-31T19:07:17","slug":"home","status":"publish","type":"page","link":"https:\/\/weingut-hegwein.de\/","title":{"rendered":"Start"},"content":{"rendered":"<div id=\"metaslider-id-1875\" style=\"width: 100%;\" class=\"ml-slider-3-108-0 metaslider metaslider-flex metaslider-1875 ml-slider has-dots-nav ms-theme-default\" role=\"region\" aria-label=\"Neue Slideshow\" data-height=\"1500\" data-width=\"1500\">\n    <div id=\"metaslider_container_1875\">\n        <div id=\"metaslider_1875\" class=\"flexslider\">\n            <ul class='slides'>\n                <li style=\"display: block; width: 100%;\" class=\"slide-1876 ms-image \" aria-roledescription=\"slide\" data-date=\"2020-05-28 20:07:04\" data-filename=\"1747420362071-1500x1500.jpg\" data-slide-type=\"image\"><img loading=\"lazy\" decoding=\"async\" src=\"https:\/\/weingut-hegwein.de\/wp-content\/uploads\/2025\/07\/1747420362071-1500x1500.jpg\" height=\"1500\" width=\"1500\" alt=\"\" class=\"slider-1875 slide-1876 msDefaultImage\" title=\"1747420362071\" \/><\/li>\n                <li style=\"display: none; width: 100%;\" class=\"slide-1877 ms-image \" aria-roledescription=\"slide\" data-date=\"2020-05-28 20:07:32\" data-filename=\"Secco-Cidre-1-1500x1500.jpg\" data-slide-type=\"image\"><img loading=\"lazy\" decoding=\"async\" src=\"https:\/\/weingut-hegwein.de\/wp-content\/uploads\/2021\/07\/Secco-Cidre-1-1500x1500.jpg\" height=\"1500\" width=\"1500\" alt=\"\" class=\"slider-1875 slide-1877 msDefaultImage\" title=\"Secco Cidre\" \/><\/li>\n                <li style=\"display: none; width: 100%;\" class=\"slide-1878 ms-image \" aria-roledescription=\"slide\" data-date=\"2020-05-28 20:08:13\" data-filename=\"Silvaner-Trilogie-1500x1500.jpg\" data-slide-type=\"image\"><img loading=\"lazy\" decoding=\"async\" src=\"https:\/\/weingut-hegwein.de\/wp-content\/uploads\/2021\/07\/Silvaner-Trilogie-1500x1500.jpg\" height=\"1500\" width=\"1500\" alt=\"\" class=\"slider-1875 slide-1878 msDefaultImage\" title=\"Silvaner Trilogie\" \/><\/li>\n                <li style=\"display: none; width: 100%;\" class=\"slide-1907 ms-image \" aria-roledescription=\"slide\" data-date=\"2020-05-29 21:27:01\" data-filename=\"SOM-Weisswein-trocken-1500x1500.jpg\" data-slide-type=\"image\"><img loading=\"lazy\" decoding=\"async\" src=\"https:\/\/weingut-hegwein.de\/wp-content\/uploads\/2021\/07\/SOM-Weisswein-trocken-1500x1500.jpg\" height=\"1500\" width=\"1500\" alt=\"\" class=\"slider-1875 slide-1907 msDefaultImage\" title=\"SOM Wei\u00dfwein trocken\" \/><\/li>\n                <li style=\"display: none; width: 100%;\" class=\"slide-1908 ms-image \" aria-roledescription=\"slide\" data-date=\"2020-05-29 21:27:32\" data-filename=\"Sommerweinpaket-1500x1500.jpg\" data-slide-type=\"image\"><img loading=\"lazy\" decoding=\"async\" src=\"https:\/\/weingut-hegwein.de\/wp-content\/uploads\/2021\/07\/Sommerweinpaket-1500x1500.jpg\" height=\"1500\" width=\"1500\" alt=\"\" class=\"slider-1875 slide-1908 msDefaultImage\" title=\"Sommerweinpaket\" \/><\/li>\n                <li style=\"display: none; width: 100%;\" class=\"slide-2447 ms-image \" aria-roledescription=\"slide\" data-date=\"2024-02-16 18:08:53\" data-filename=\"20240216_111337_resized-1500x1500.jpg\" data-slide-type=\"image\"><img loading=\"lazy\" decoding=\"async\" src=\"https:\/\/weingut-hegwein.de\/wp-content\/uploads\/2024\/02\/20240216_111337_resized-1500x1500.jpg\" height=\"1500\" width=\"1500\" alt=\"\" class=\"slider-1875 slide-2447 msDefaultImage\" title=\"20240216_111337_resized\" \/><\/li>\n            <\/ul>\n        <\/div>\n        \n    <\/div>\n<\/div>\n\n\n\n<p class=\"has-text-align-center has-large-font-size\"><\/p>\n\n\n\n<p><\/p>\n\n\n\n<p><\/p>\n\n\n\n<p class=\"has-text-align-center\"><\/p>\n\n\n\n<p><\/p>\n\n\n\n<h2 class=\"has-text-align-center wp-block-heading\" id=\"unser-weingut\"><span style=\"text-decoration: underline;\">Unser Weingut<\/span><\/h2>\n\n\n\n<div class=\"wp-block-group\"><div class=\"wp-block-group__inner-container is-layout-flow wp-block-group-is-layout-flow\">\n<div class=\"wp-block-group\"><div class=\"wp-block-group__inner-container is-layout-flow wp-block-group-is-layout-flow\">\n<p><\/p>\n\n\n\n<p style=\"text-align: center;\">Wir&nbsp;sind ein kleines Familienunternehmen und bewirtschaften seit mehreren Generationen an den westlichen H\u00e4ngen des Steigerwaldes einige Hektar Reben.<br><br>Neben den typischen fr\u00e4nkischen Wei\u00dfweinreben Silvaner, M\u00fcller-Thurgau und Bacchus bauen wir auch die Sorten Ortega und Blauer Silvaner an. Unser Ortega liefert jedes Jahr einen leckeren fr\u00fchen Federwei\u00dfen, aber auch interessante, oftmals exotisch auftretende Weine f\u00fcr Liebhaber und Kenner. Und der ein oder andere Silvaner-Liebhaber hat sich in die Urform aller Silvaner-Reben &#8211; den \u201eBlauen Silvaner\u201c verliebt. Wer ihn zu sch\u00e4tzen wei\u00df, der bleibt ihm gerne treu!<br><br>Zu unseren Rotweinen z\u00e4hlen Schwarzriesling, Regent und Dornfelder.<br><br>Niedrige Ertr\u00e4ge, sorgf\u00e4ltige Lese per Hand und schonender Ausbau nach klassischen Methoden bringen tief dunkle und kr\u00e4ftige Sch\u00e4tze hervor, die einer Verkostung sicher Wert sind! Wei\u00dfherbste und Ros\u00e9-Weine erg\u00e4nzen neben Secco und hausgemachten Lik\u00f6ren das Sortiment vortrefflich und warten darauf entdeckt zu werden.<br><br>Wir nehmen uns sehr viel Zeit beim Ausbau unserer edlen Tropfen, um ihnen einen individuellen Charakter zu schenken, so dass&nbsp;jeder Weinliebhaber problemlos einen f\u00fcr ihn passenden Wein finden kann.<br><br><strong>Wir freuen uns auf ihren Besuch.<\/strong><br><br><strong>Ihre Familie Marcus und Sybille Hegwein<\/strong><\/p>\n<\/div><\/div>\n\n\n<\/div><\/div>\n","protected":false},"excerpt":{"rendered":"<p>Unser Weingut Wir&nbsp;sind ein kleines Familienunternehmen und bewirtschaften seit mehreren Generationen an den westlichen H\u00e4ngen des Steigerwaldes einige Hektar Reben.&hellip;<\/p>\n","protected":false},"author":1,"featured_media":0,"parent":0,"menu_order":0,"comment_status":"closed","ping_status":"closed","template":"","meta":{"ngg_post_thumbnail":0,"footnotes":""},"class_list":["post-69","page","type-page","status-publish","hentry"],"_links":{"self":[{"href":"https:\/\/weingut-hegwein.de\/index.php?rest_route=\/wp\/v2\/pages\/69","targetHints":{"allow":["GET"]}}],"collection":[{"href":"https:\/\/weingut-hegwein.de\/index.php?rest_route=\/wp\/v2\/pages"}],"about":[{"href":"https:\/\/weingut-hegwein.de\/index.php?rest_route=\/wp\/v2\/types\/page"}],"author":[{"embeddable":true,"href":"https:\/\/weingut-hegwein.de\/index.php?rest_route=\/wp\/v2\/users\/1"}],"replies":[{"embeddable":true,"href":"https:\/\/weingut-hegwein.de\/index.php?rest_route=%2Fwp%2Fv2%2Fcomments&post=69"}],"version-history":[{"count":70,"href":"https:\/\/weingut-hegwein.de\/index.php?rest_route=\/wp\/v2\/pages\/69\/revisions"}],"predecessor-version":[{"id":2342,"href":"https:\/\/weingut-hegwein.de\/index.php?rest_route=\/wp\/v2\/pages\/69\/revisions\/2342"}],"wp:attachment":[{"href":"https:\/\/weingut-hegwein.de\/index.php?rest_route=%2Fwp%2Fv2%2Fmedia&parent=69"}],"curies":[{"name":"wp","href":"https:\/\/api.w.org\/{rel}","templated":true}]}}