{"id":1950,"date":"2020-06-10T19:00:07","date_gmt":"2020-06-10T17:00:07","guid":{"rendered":"https:\/\/jhs-software.info\/wbh\/?post_type=product&#038;p=1950"},"modified":"2026-02-06T12:19:52","modified_gmt":"2026-02-06T10:19:52","slug":"2024er-mueller-thurgau-halbtrocken","status":"publish","type":"product","link":"https:\/\/weingut-hegwein.de\/?product=2024er-mueller-thurgau-halbtrocken","title":{"rendered":"2024er M\u00fcller-Thurgau Qualit\u00e4tswein halbtrocken"},"content":{"rendered":"<p>Qualit\u00e4twein halbtrocken<\/p>\n","protected":false},"excerpt":{"rendered":"<p>Qualit\u00e4twein halbtrocken, fruchtaromatisch, elegant und s\u00fcffig<\/p>\n<p>11,5%Vol.<\/p>\n<p>N\u00e4hrwerte und Zutaten: QR-Code scannen<\/p>\n<p>&nbsp;<\/p>\n[su_qrcode data=\"https:\/\/kuqr.de\/wein\/10885540800125\" title=\"Zutaten und N\u00e4hrwerte\" target=\"self\"]\n","protected":false},"featured_media":1940,"comment_status":"closed","ping_status":"closed","template":"","meta":{"ngg_post_thumbnail":0},"product_brand":[],"product_cat":[39],"product_tag":[55,69,64],"class_list":{"0":"post-1950","1":"product","2":"type-product","3":"status-publish","4":"has-post-thumbnail","6":"product_cat-weissweine","7":"product_tag-blumig","8":"product_tag-kraeftig","9":"product_tag-sueffig","11":"first","12":"instock","13":"taxable","14":"shipping-taxable","15":"purchasable","16":"product-type-simple"},"_links":{"self":[{"href":"https:\/\/weingut-hegwein.de\/index.php?rest_route=\/wp\/v2\/product\/1950","targetHints":{"allow":["GET"]}}],"collection":[{"href":"https:\/\/weingut-hegwein.de\/index.php?rest_route=\/wp\/v2\/product"}],"about":[{"href":"https:\/\/weingut-hegwein.de\/index.php?rest_route=\/wp\/v2\/types\/product"}],"replies":[{"embeddable":true,"href":"https:\/\/weingut-hegwein.de\/index.php?rest_route=%2Fwp%2Fv2%2Fcomments&post=1950"}],"wp:featuredmedia":[{"embeddable":true,"href":"https:\/\/weingut-hegwein.de\/index.php?rest_route=\/wp\/v2\/media\/1940"}],"wp:attachment":[{"href":"https:\/\/weingut-hegwein.de\/index.php?rest_route=%2Fwp%2Fv2%2Fmedia&parent=1950"}],"wp:term":[{"taxonomy":"product_brand","embeddable":true,"href":"https:\/\/weingut-hegwein.de\/index.php?rest_route=%2Fwp%2Fv2%2Fproduct_brand&post=1950"},{"taxonomy":"product_cat","embeddable":true,"href":"https:\/\/weingut-hegwein.de\/index.php?rest_route=%2Fwp%2Fv2%2Fproduct_cat&post=1950"},{"taxonomy":"product_tag","embeddable":true,"href":"https:\/\/weingut-hegwein.de\/index.php?rest_route=%2Fwp%2Fv2%2Fproduct_tag&post=1950"}],"curies":[{"name":"wp","href":"https:\/\/api.w.org\/{rel}","templated":true}]}}