{"id":1952,"date":"2020-06-10T21:17:23","date_gmt":"2020-06-10T19:17:23","guid":{"rendered":"https:\/\/jhs-software.info\/wbh\/?post_type=product&#038;p=1952"},"modified":"2025-06-06T19:38:00","modified_gmt":"2025-06-06T17:38:00","slug":"der-speckfelder","status":"publish","type":"product","link":"https:\/\/weingut-hegwein.de\/?product=der-speckfelder","title":{"rendered":"Der Speckfelder, Wei\u00dfwein Cuvee\u00b4"},"content":{"rendered":"<p>Qualit\u00e4tswein<\/p>\n","protected":false},"excerpt":{"rendered":"<p>Qualit\u00e4tswein, Wei\u00dfwein Cuv\u00e9e,<\/p>\n<p>ein prall gef\u00fcllter Fr\u00fcchtekorb<\/p>\n<p>12,50 % Vol.<\/p>\n<p>(9,20\u20ac\/L)<\/p>\n<p>&nbsp;<\/p>\n","protected":false},"featured_media":1924,"comment_status":"closed","ping_status":"closed","template":"","meta":{"ngg_post_thumbnail":0},"product_brand":[],"product_cat":[42],"product_tag":[67],"class_list":{"0":"post-1952","1":"product","2":"type-product","3":"status-publish","4":"has-post-thumbnail","6":"product_cat-weissweine-im-bocksbeutel","7":"product_tag-weisswein-cuvee","9":"first","10":"instock","11":"taxable","12":"shipping-taxable","13":"purchasable","14":"product-type-simple"},"_links":{"self":[{"href":"https:\/\/weingut-hegwein.de\/index.php?rest_route=\/wp\/v2\/product\/1952","targetHints":{"allow":["GET"]}}],"collection":[{"href":"https:\/\/weingut-hegwein.de\/index.php?rest_route=\/wp\/v2\/product"}],"about":[{"href":"https:\/\/weingut-hegwein.de\/index.php?rest_route=\/wp\/v2\/types\/product"}],"replies":[{"embeddable":true,"href":"https:\/\/weingut-hegwein.de\/index.php?rest_route=%2Fwp%2Fv2%2Fcomments&post=1952"}],"wp:featuredmedia":[{"embeddable":true,"href":"https:\/\/weingut-hegwein.de\/index.php?rest_route=\/wp\/v2\/media\/1924"}],"wp:attachment":[{"href":"https:\/\/weingut-hegwein.de\/index.php?rest_route=%2Fwp%2Fv2%2Fmedia&parent=1952"}],"wp:term":[{"taxonomy":"product_brand","embeddable":true,"href":"https:\/\/weingut-hegwein.de\/index.php?rest_route=%2Fwp%2Fv2%2Fproduct_brand&post=1952"},{"taxonomy":"product_cat","embeddable":true,"href":"https:\/\/weingut-hegwein.de\/index.php?rest_route=%2Fwp%2Fv2%2Fproduct_cat&post=1952"},{"taxonomy":"product_tag","embeddable":true,"href":"https:\/\/weingut-hegwein.de\/index.php?rest_route=%2Fwp%2Fv2%2Fproduct_tag&post=1952"}],"curies":[{"name":"wp","href":"https:\/\/api.w.org\/{rel}","templated":true}]}}