{"id":1975,"date":"2020-06-11T10:51:51","date_gmt":"2020-06-11T08:51:51","guid":{"rendered":"https:\/\/jhs-software.info\/wbh\/?post_type=product&#038;p=1975"},"modified":"2026-02-06T12:47:38","modified_gmt":"2026-02-06T10:47:38","slug":"2023er-markt-einersheimer-deja-vu","status":"publish","type":"product","link":"https:\/\/weingut-hegwein.de\/?product=2023er-markt-einersheimer-deja-vu","title":{"rendered":"2024er Markt Einersheimer Vogelsang D\u00e9j\u00e0 Vu, Qualit\u00e4tsrotwein"},"content":{"rendered":"<p>Qualit\u00e4tswein<\/p>\n<p>&nbsp;<\/p>\n<p>&nbsp;<\/p>\n","protected":false},"excerpt":{"rendered":"<p>Qualit\u00e4tswein, halbtrocken, s\u00fcffig, gehaltvoll, fantastisch f\u00fcllig<\/p>\n<p>&nbsp;<\/p>\n<p>Ausgetrunken!<\/p>\n<p>&nbsp;<\/p>\n<p>12,5 % Vol.\/12,27\u20ac<\/p>\n<p>(11,87\u20ac\/L)<\/p>\n<p>N\u00e4hrwerte und Zutaten: QR Code scannen<\/p>\n[su_qrcode data=\"https:\/\/kuqr.de\/wein\/10885540801225\" title=\"Zutaten und N\u00e4hrwerte\" target=\"self\"]\n<p>&nbsp;<\/p>\n","protected":false},"featured_media":1935,"comment_status":"closed","ping_status":"closed","template":"","meta":{"ngg_post_thumbnail":0},"product_brand":[],"product_cat":[46],"product_tag":[54,64],"class_list":{"0":"post-1975","1":"product","2":"type-product","3":"status-publish","4":"has-post-thumbnail","6":"product_cat-weine-in-der-bordeauxflasche","7":"product_tag-halbtrocken","8":"product_tag-sueffig","10":"first","11":"instock","12":"taxable","13":"shipping-taxable","14":"purchasable","15":"product-type-simple"},"_links":{"self":[{"href":"https:\/\/weingut-hegwein.de\/index.php?rest_route=\/wp\/v2\/product\/1975","targetHints":{"allow":["GET"]}}],"collection":[{"href":"https:\/\/weingut-hegwein.de\/index.php?rest_route=\/wp\/v2\/product"}],"about":[{"href":"https:\/\/weingut-hegwein.de\/index.php?rest_route=\/wp\/v2\/types\/product"}],"replies":[{"embeddable":true,"href":"https:\/\/weingut-hegwein.de\/index.php?rest_route=%2Fwp%2Fv2%2Fcomments&post=1975"}],"wp:featuredmedia":[{"embeddable":true,"href":"https:\/\/weingut-hegwein.de\/index.php?rest_route=\/wp\/v2\/media\/1935"}],"wp:attachment":[{"href":"https:\/\/weingut-hegwein.de\/index.php?rest_route=%2Fwp%2Fv2%2Fmedia&parent=1975"}],"wp:term":[{"taxonomy":"product_brand","embeddable":true,"href":"https:\/\/weingut-hegwein.de\/index.php?rest_route=%2Fwp%2Fv2%2Fproduct_brand&post=1975"},{"taxonomy":"product_cat","embeddable":true,"href":"https:\/\/weingut-hegwein.de\/index.php?rest_route=%2Fwp%2Fv2%2Fproduct_cat&post=1975"},{"taxonomy":"product_tag","embeddable":true,"href":"https:\/\/weingut-hegwein.de\/index.php?rest_route=%2Fwp%2Fv2%2Fproduct_tag&post=1975"}],"curies":[{"name":"wp","href":"https:\/\/api.w.org\/{rel}","templated":true}]}}