{"id":2650,"date":"2025-12-26T15:16:14","date_gmt":"2025-12-26T13:16:14","guid":{"rendered":"https:\/\/weingut-hegwein.de\/?post_type=product&#038;p=2650"},"modified":"2026-01-17T12:14:48","modified_gmt":"2026-01-17T10:14:48","slug":"quitten-secco-freggerla","status":"publish","type":"product","link":"https:\/\/weingut-hegwein.de\/?product=quitten-secco-freggerla","title":{"rendered":"Quitten-Secco Freggerla"},"content":{"rendered":"","protected":false},"excerpt":{"rendered":"<p>Ein Genuss, nicht nur f\u00fcr Quitten- Liebhaber.&nbsp;<\/p>\n<p>Einfach probieren und den s\u00fc\u00dflich,herben Geschmack genie\u00dfen.&nbsp;<\/p>\n<p>8,5 % Vol<\/p>\n<p>(9,60\u20ac\/L)<\/p>\n<p>N\u00e4hrwerte und Zutaten: QR-Code anklicken<\/p>\n<p>Pfeil zur\u00fcck (oben links) zum Produkt<\/p>\n<p>&nbsp;<\/p>\n[su_qrcode data=\"file:\/\/\/C:\/f-Labels\/Quitten%20Secco%202025%20f23tys.pdf\" title=\"Zutaten und N\u00e4hrwerte\" link=\"https:\/\/p.f-label.eu\/f3mqtc\" target=\"self\"]\n<p>&nbsp;<\/p>\n","protected":false},"featured_media":1946,"comment_status":"closed","ping_status":"closed","template":"","meta":{"ngg_post_thumbnail":0},"product_brand":[],"product_cat":[47],"product_tag":[74],"class_list":{"0":"post-2650","1":"product","2":"type-product","3":"status-publish","4":"has-post-thumbnail","6":"product_cat-secco-co","7":"product_tag-secco-freggerla","9":"first","10":"instock","11":"taxable","12":"shipping-taxable","13":"purchasable","14":"product-type-simple"},"_links":{"self":[{"href":"https:\/\/weingut-hegwein.de\/index.php?rest_route=\/wp\/v2\/product\/2650","targetHints":{"allow":["GET"]}}],"collection":[{"href":"https:\/\/weingut-hegwein.de\/index.php?rest_route=\/wp\/v2\/product"}],"about":[{"href":"https:\/\/weingut-hegwein.de\/index.php?rest_route=\/wp\/v2\/types\/product"}],"replies":[{"embeddable":true,"href":"https:\/\/weingut-hegwein.de\/index.php?rest_route=%2Fwp%2Fv2%2Fcomments&post=2650"}],"wp:featuredmedia":[{"embeddable":true,"href":"https:\/\/weingut-hegwein.de\/index.php?rest_route=\/wp\/v2\/media\/1946"}],"wp:attachment":[{"href":"https:\/\/weingut-hegwein.de\/index.php?rest_route=%2Fwp%2Fv2%2Fmedia&parent=2650"}],"wp:term":[{"taxonomy":"product_brand","embeddable":true,"href":"https:\/\/weingut-hegwein.de\/index.php?rest_route=%2Fwp%2Fv2%2Fproduct_brand&post=2650"},{"taxonomy":"product_cat","embeddable":true,"href":"https:\/\/weingut-hegwein.de\/index.php?rest_route=%2Fwp%2Fv2%2Fproduct_cat&post=2650"},{"taxonomy":"product_tag","embeddable":true,"href":"https:\/\/weingut-hegwein.de\/index.php?rest_route=%2Fwp%2Fv2%2Fproduct_tag&post=2650"}],"curies":[{"name":"wp","href":"https:\/\/api.w.org\/{rel}","templated":true}]}}